{"id":62,"date":"2023-05-01T12:38:46","date_gmt":"2023-05-01T15:38:46","guid":{"rendered":"https:\/\/thebestnews.com.br\/?page_id=62"},"modified":"2026-04-23T16:50:30","modified_gmt":"2026-04-23T19:50:30","slug":"politica-de-privacidade-2","status":"publish","type":"page","link":"https:\/\/thebestnews.com.br\/index.php\/politica-de-privacidade-2\/","title":{"rendered":"Pol\u00edtica de privacidade"},"content":{"rendered":"\r\n<h3 class=\"wp-block-heading\">Quem somos<\/h3>\r\n<p>O endere\u00e7o do nosso site \u00e9: <a href=\"https:\/\/thebestnews.com.br\/\">https:\/\/thebestnews.com.br<\/a>.<\/p>\r\n<p>Somos um site independente que disponibiliza conte\u00fados informativos e ferramentas digitais, incluindo calculadoras, com o objetivo de facilitar o acesso a informa\u00e7\u00f5es \u00fateis e pr\u00e1ticas no dia a dia dos usu\u00e1rios.<\/p>\r\n<hr \/>\r\n<h3>Coment\u00e1rios<\/h3>\r\n<p>Quando os visitantes deixam coment\u00e1rios no site, coletamos os dados mostrados no formul\u00e1rio de coment\u00e1rios, al\u00e9m do endere\u00e7o de IP e dados do navegador do visitante, para auxiliar na detec\u00e7\u00e3o de spam.<\/p>\r\n<p>Uma sequ\u00eancia anonimizada de caracteres criada a partir do seu e-mail (hash) poder\u00e1 ser enviada para o Gravatar para verificar se voc\u00ea utiliza o servi\u00e7o. A pol\u00edtica de privacidade do Gravatar est\u00e1 dispon\u00edvel em: <a href=\"https:\/\/automattic.com\/privacy\/\">https:\/\/automattic.com\/privacy\/<\/a>.<\/p>\r\n<p>Ap\u00f3s a aprova\u00e7\u00e3o do coment\u00e1rio, a foto do perfil do usu\u00e1rio fica vis\u00edvel publicamente junto ao coment\u00e1rio.<\/p>\r\n<hr \/>\r\n<h3>M\u00eddia<\/h3>\r\n<p>Se voc\u00ea enviar imagens para o site, evite enviar arquivos que contenham dados de localiza\u00e7\u00e3o incorporados (EXIF GPS), pois visitantes podem baixar essas imagens e extrair tais informa\u00e7\u00f5es.<\/p>\r\n<hr \/>\r\n<h3>Cookies<\/h3>\r\n<p>Ao deixar um coment\u00e1rio no site, voc\u00ea poder\u00e1 optar por salvar seu nome, e-mail e site nos cookies. Isso visa facilitar sua navega\u00e7\u00e3o, evitando o preenchimento repetido de dados. Esses cookies podem durar at\u00e9 um ano.<\/p>\r\n<p>Se voc\u00ea possuir uma conta e acessar este site, um cookie tempor\u00e1rio ser\u00e1 criado para verificar se seu navegador aceita cookies. Esse cookie n\u00e3o cont\u00e9m dados pessoais e \u00e9 descartado ao fechar o navegador.<\/p>\r\n<p>Ao acessar sua conta, tamb\u00e9m s\u00e3o criados cookies para salvar informa\u00e7\u00f5es de login e prefer\u00eancias de exibi\u00e7\u00e3o. Cookies de login duram at\u00e9 dois dias, e cookies de prefer\u00eancias de tela duram at\u00e9 um ano. Caso selecione \u201cLembrar-me\u201d, seu acesso permanecer\u00e1 ativo por at\u00e9 duas semanas.<\/p>\r\n<p>Se voc\u00ea editar ou publicar um artigo, um cookie adicional ser\u00e1 armazenado no navegador. Esse cookie n\u00e3o cont\u00e9m dados pessoais e expira ap\u00f3s 1 dia.<\/p>\r\n<hr \/>\r\n<h3>M\u00eddia incorporada de outros sites<\/h3>\r\n<p>Artigos neste site podem incluir conte\u00fados incorporados, como v\u00eddeos, imagens e textos. Esses conte\u00fados se comportam da mesma forma que se o usu\u00e1rio estivesse acessando diretamente o site de origem.<\/p>\r\n<p>Esses sites podem coletar dados sobre voc\u00ea, utilizar cookies e monitorar sua intera\u00e7\u00e3o com o conte\u00fado incorporado, especialmente se voc\u00ea estiver conectado a esses sites.<\/p>\r\n<hr \/>\r\n<h3>Com quem compartilhamos seus dados<\/h3>\r\n<p>Se voc\u00ea solicitar a redefini\u00e7\u00e3o de senha, seu endere\u00e7o de IP poder\u00e1 ser inclu\u00eddo no e-mail de redefini\u00e7\u00e3o.<\/p>\r\n<p>N\u00e3o vendemos ou compartilhamos dados pessoais com terceiros, exceto quando necess\u00e1rio para cumprimento de obriga\u00e7\u00f5es legais.<\/p>\r\n<hr \/>\r\n<h3>Por quanto tempo mantemos os seus dados<\/h3>\r\n<p>Se voc\u00ea deixar um coment\u00e1rio, o coment\u00e1rio e seus metadados s\u00e3o armazenados indefinidamente. Isso permite o reconhecimento autom\u00e1tico de coment\u00e1rios futuros.<\/p>\r\n<p>Para usu\u00e1rios registrados (se houver), armazenamos as informa\u00e7\u00f5es pessoais fornecidas no perfil. O usu\u00e1rio pode visualizar, editar ou excluir seus dados a qualquer momento, exceto o nome de usu\u00e1rio.<\/p>\r\n<hr \/>\r\n<h3>Quais s\u00e3o os seus direitos sobre seus dados<\/h3>\r\n<p>Se voc\u00ea possuir uma conta neste site ou tiver deixado coment\u00e1rios, poder\u00e1 solicitar um arquivo com os dados pessoais armazenados, bem como solicitar a exclus\u00e3o desses dados, exceto quando a reten\u00e7\u00e3o for necess\u00e1ria por motivos legais, administrativos ou de seguran\u00e7a.<\/p>\r\n<hr \/>\r\n<h3>Para onde seus dados s\u00e3o enviados<\/h3>\r\n<p>Coment\u00e1rios de visitantes podem ser verificados por servi\u00e7os autom\u00e1ticos de detec\u00e7\u00e3o de spam.<\/p>\r\n<hr \/>\r\n<h3>Publicidade, Cookies e Google AdSense<\/h3>\r\n<p>Este site pode exibir an\u00fancios fornecidos pelo Google AdSense.<\/p>\r\n<p>O Google utiliza cookies para exibir an\u00fancios relevantes aos usu\u00e1rios, com base em suas visitas a este e a outros sites.<\/p>\r\n<p>Esses cookies permitem a personaliza\u00e7\u00e3o de an\u00fancios de acordo com o comportamento de navega\u00e7\u00e3o do usu\u00e1rio.<\/p>\r\n<p>O usu\u00e1rio pode desativar a personaliza\u00e7\u00e3o de an\u00fancios acessando:<br \/><a href=\"https:\/\/adssettings.google.com\/\">https:\/\/adssettings.google.com\/<\/a><\/p>\r\n<p>Para mais informa\u00e7\u00f5es sobre como o Google utiliza os dados, consulte:<br \/><a href=\"https:\/\/policies.google.com\/technologies\/ads\">https:\/\/policies.google.com\/technologies\/ads<\/a><\/p>\r\n<hr \/>\r\n<h3>Altera\u00e7\u00f5es nesta pol\u00edtica<\/h3>\r\n<p>Esta Pol\u00edtica de Privacidade pode ser atualizada a qualquer momento, sem aviso pr\u00e9vio.<\/p>\r\n<hr \/>\r\n<h3>Contato<\/h3>\r\n<p>Em caso de d\u00favidas sobre esta pol\u00edtica, utilize a p\u00e1gina de contato dispon\u00edvel no site.<\/p>\r\n<hr \/>\r\n<p><strong>\u00daltima atualiza\u00e7\u00e3o: abril de 2026<\/strong><\/p>\r\n","protected":false},"excerpt":{"rendered":"<p>Quem somos O endere\u00e7o do nosso site \u00e9: https:\/\/thebestnews.com.br. Somos um site independente que disponibiliza conte\u00fados informativos e ferramentas digitais, incluindo calculadoras, com o objetivo de facilitar o acesso a informa\u00e7\u00f5es \u00fateis e pr\u00e1ticas no dia a dia dos usu\u00e1rios. Coment\u00e1rios Quando os visitantes deixam coment\u00e1rios no site, coletamos os dados mostrados no formul\u00e1rio de [&hellip;]<\/p>\n","protected":false},"author":1,"featured_media":0,"parent":0,"menu_order":0,"comment_status":"closed","ping_status":"closed","template":"","meta":{"site-sidebar-layout":"default","site-content-layout":"default","ast-site-content-layout":"default","site-content-style":"default","site-sidebar-style":"default","ast-global-header-display":"","ast-banner-title-visibility":"","ast-main-header-display":"","ast-hfb-above-header-display":"","ast-hfb-below-header-display":"","ast-hfb-mobile-header-display":"","site-post-title":"","ast-breadcrumbs-content":"","ast-featured-img":"","footer-sml-layout":"","theme-transparent-header-meta":"default","adv-header-id-meta":"","stick-header-meta":"","header-above-stick-meta":"","header-main-stick-meta":"","header-below-stick-meta":"","astra-migrate-meta-layouts":"set","ast-page-background-enabled":"default","ast-page-background-meta":{"desktop":{"background-color":"var(--ast-global-color-4)","background-image":"","background-repeat":"repeat","background-position":"center center","background-size":"auto","background-attachment":"scroll","background-type":"","background-media":"","overlay-type":"","overlay-color":"","overlay-opacity":"","overlay-gradient":""},"tablet":{"background-color":"","background-image":"","background-repeat":"repeat","background-position":"center center","background-size":"auto","background-attachment":"scroll","background-type":"","background-media":"","overlay-type":"","overlay-color":"","overlay-opacity":"","overlay-gradient":""},"mobile":{"background-color":"","background-image":"","background-repeat":"repeat","background-position":"center center","background-size":"auto","background-attachment":"scroll","background-type":"","background-media":"","overlay-type":"","overlay-color":"","overlay-opacity":"","overlay-gradient":""}},"ast-content-background-meta":{"desktop":{"background-color":"var(--ast-global-color-5)","background-image":"","background-repeat":"repeat","background-position":"center center","background-size":"auto","background-attachment":"scroll","background-type":"","background-media":"","overlay-type":"","overlay-color":"","overlay-opacity":"","overlay-gradient":""},"tablet":{"background-color":"var(--ast-global-color-5)","background-image":"","background-repeat":"repeat","background-position":"center center","background-size":"auto","background-attachment":"scroll","background-type":"","background-media":"","overlay-type":"","overlay-color":"","overlay-opacity":"","overlay-gradient":""},"mobile":{"background-color":"var(--ast-global-color-5)","background-image":"","background-repeat":"repeat","background-position":"center center","background-size":"auto","background-attachment":"scroll","background-type":"","background-media":"","overlay-type":"","overlay-color":"","overlay-opacity":"","overlay-gradient":""}},"footnotes":""},"yoast_head":"<!-- This site is optimized with the Yoast SEO plugin v23.9 - https:\/\/yoast.com\/wordpress\/plugins\/seo\/ -->\n<title>Pol\u00edtica de privacidade - The Best News<\/title>\n<meta name=\"robots\" content=\"index, follow, max-snippet:-1, max-image-preview:large, max-video-preview:-1\" \/>\n<link rel=\"canonical\" href=\"https:\/\/thebestnews.com.br\/index.php\/politica-de-privacidade-2\/\" \/>\n<meta property=\"og:locale\" content=\"pt_BR\" \/>\n<meta property=\"og:type\" content=\"article\" \/>\n<meta property=\"og:title\" content=\"Pol\u00edtica de privacidade - The Best News\" \/>\n<meta property=\"og:description\" content=\"Quem somos O endere\u00e7o do nosso site \u00e9: https:\/\/thebestnews.com.br. Somos um site independente que disponibiliza conte\u00fados informativos e ferramentas digitais, incluindo calculadoras, com o objetivo de facilitar o acesso a informa\u00e7\u00f5es \u00fateis e pr\u00e1ticas no dia a dia dos usu\u00e1rios. Coment\u00e1rios Quando os visitantes deixam coment\u00e1rios no site, coletamos os dados mostrados no formul\u00e1rio de [&hellip;]\" \/>\n<meta property=\"og:url\" content=\"https:\/\/thebestnews.com.br\/index.php\/politica-de-privacidade-2\/\" \/>\n<meta property=\"og:site_name\" content=\"The Best News\" \/>\n<meta property=\"article:modified_time\" content=\"2026-04-23T19:50:30+00:00\" \/>\n<meta name=\"twitter:card\" content=\"summary_large_image\" \/>\n<meta name=\"twitter:label1\" content=\"Est. tempo de leitura\" \/>\n\t<meta name=\"twitter:data1\" content=\"4 minutos\" \/>\n<script type=\"application\/ld+json\" class=\"yoast-schema-graph\">{\"@context\":\"https:\/\/schema.org\",\"@graph\":[{\"@type\":\"WebPage\",\"@id\":\"https:\/\/thebestnews.com.br\/index.php\/politica-de-privacidade-2\/\",\"url\":\"https:\/\/thebestnews.com.br\/index.php\/politica-de-privacidade-2\/\",\"name\":\"Pol\u00edtica de privacidade - The Best News\",\"isPartOf\":{\"@id\":\"https:\/\/thebestnews.com.br\/#website\"},\"datePublished\":\"2023-05-01T15:38:46+00:00\",\"dateModified\":\"2026-04-23T19:50:30+00:00\",\"breadcrumb\":{\"@id\":\"https:\/\/thebestnews.com.br\/index.php\/politica-de-privacidade-2\/#breadcrumb\"},\"inLanguage\":\"pt-BR\",\"potentialAction\":[{\"@type\":\"ReadAction\",\"target\":[\"https:\/\/thebestnews.com.br\/index.php\/politica-de-privacidade-2\/\"]}]},{\"@type\":\"BreadcrumbList\",\"@id\":\"https:\/\/thebestnews.com.br\/index.php\/politica-de-privacidade-2\/#breadcrumb\",\"itemListElement\":[{\"@type\":\"ListItem\",\"position\":1,\"name\":\"In\u00edcio\",\"item\":\"https:\/\/thebestnews.com.br\/\"},{\"@type\":\"ListItem\",\"position\":2,\"name\":\"Pol\u00edtica de privacidade\"}]},{\"@type\":\"WebSite\",\"@id\":\"https:\/\/thebestnews.com.br\/#website\",\"url\":\"https:\/\/thebestnews.com.br\/\",\"name\":\"The Best News\",\"description\":\"Um site com not\u00edcias atuais diversas\",\"publisher\":{\"@id\":\"https:\/\/thebestnews.com.br\/#organization\"},\"potentialAction\":[{\"@type\":\"SearchAction\",\"target\":{\"@type\":\"EntryPoint\",\"urlTemplate\":\"https:\/\/thebestnews.com.br\/?s={search_term_string}\"},\"query-input\":{\"@type\":\"PropertyValueSpecification\",\"valueRequired\":true,\"valueName\":\"search_term_string\"}}],\"inLanguage\":\"pt-BR\"},{\"@type\":\"Organization\",\"@id\":\"https:\/\/thebestnews.com.br\/#organization\",\"name\":\"The Best News\",\"url\":\"https:\/\/thebestnews.com.br\/\",\"logo\":{\"@type\":\"ImageObject\",\"inLanguage\":\"pt-BR\",\"@id\":\"https:\/\/thebestnews.com.br\/#\/schema\/logo\/image\/\",\"url\":\"https:\/\/thebestnews.com.br\/wp-content\/uploads\/2026\/04\/Captura-de-tela-2026-04-22-151821.png\",\"contentUrl\":\"https:\/\/thebestnews.com.br\/wp-content\/uploads\/2026\/04\/Captura-de-tela-2026-04-22-151821.png\",\"width\":286,\"height\":74,\"caption\":\"The Best News\"},\"image\":{\"@id\":\"https:\/\/thebestnews.com.br\/#\/schema\/logo\/image\/\"}}]}<\/script>\n<!-- \/ Yoast SEO plugin. -->","yoast_head_json":{"title":"Pol\u00edtica de privacidade - The Best News","robots":{"index":"index","follow":"follow","max-snippet":"max-snippet:-1","max-image-preview":"max-image-preview:large","max-video-preview":"max-video-preview:-1"},"canonical":"https:\/\/thebestnews.com.br\/index.php\/politica-de-privacidade-2\/","og_locale":"pt_BR","og_type":"article","og_title":"Pol\u00edtica de privacidade - The Best News","og_description":"Quem somos O endere\u00e7o do nosso site \u00e9: https:\/\/thebestnews.com.br. Somos um site independente que disponibiliza conte\u00fados informativos e ferramentas digitais, incluindo calculadoras, com o objetivo de facilitar o acesso a informa\u00e7\u00f5es \u00fateis e pr\u00e1ticas no dia a dia dos usu\u00e1rios. Coment\u00e1rios Quando os visitantes deixam coment\u00e1rios no site, coletamos os dados mostrados no formul\u00e1rio de [&hellip;]","og_url":"https:\/\/thebestnews.com.br\/index.php\/politica-de-privacidade-2\/","og_site_name":"The Best News","article_modified_time":"2026-04-23T19:50:30+00:00","twitter_card":"summary_large_image","twitter_misc":{"Est. tempo de leitura":"4 minutos"},"schema":{"@context":"https:\/\/schema.org","@graph":[{"@type":"WebPage","@id":"https:\/\/thebestnews.com.br\/index.php\/politica-de-privacidade-2\/","url":"https:\/\/thebestnews.com.br\/index.php\/politica-de-privacidade-2\/","name":"Pol\u00edtica de privacidade - The Best News","isPartOf":{"@id":"https:\/\/thebestnews.com.br\/#website"},"datePublished":"2023-05-01T15:38:46+00:00","dateModified":"2026-04-23T19:50:30+00:00","breadcrumb":{"@id":"https:\/\/thebestnews.com.br\/index.php\/politica-de-privacidade-2\/#breadcrumb"},"inLanguage":"pt-BR","potentialAction":[{"@type":"ReadAction","target":["https:\/\/thebestnews.com.br\/index.php\/politica-de-privacidade-2\/"]}]},{"@type":"BreadcrumbList","@id":"https:\/\/thebestnews.com.br\/index.php\/politica-de-privacidade-2\/#breadcrumb","itemListElement":[{"@type":"ListItem","position":1,"name":"In\u00edcio","item":"https:\/\/thebestnews.com.br\/"},{"@type":"ListItem","position":2,"name":"Pol\u00edtica de privacidade"}]},{"@type":"WebSite","@id":"https:\/\/thebestnews.com.br\/#website","url":"https:\/\/thebestnews.com.br\/","name":"The Best News","description":"Um site com not\u00edcias atuais diversas","publisher":{"@id":"https:\/\/thebestnews.com.br\/#organization"},"potentialAction":[{"@type":"SearchAction","target":{"@type":"EntryPoint","urlTemplate":"https:\/\/thebestnews.com.br\/?s={search_term_string}"},"query-input":{"@type":"PropertyValueSpecification","valueRequired":true,"valueName":"search_term_string"}}],"inLanguage":"pt-BR"},{"@type":"Organization","@id":"https:\/\/thebestnews.com.br\/#organization","name":"The Best News","url":"https:\/\/thebestnews.com.br\/","logo":{"@type":"ImageObject","inLanguage":"pt-BR","@id":"https:\/\/thebestnews.com.br\/#\/schema\/logo\/image\/","url":"https:\/\/thebestnews.com.br\/wp-content\/uploads\/2026\/04\/Captura-de-tela-2026-04-22-151821.png","contentUrl":"https:\/\/thebestnews.com.br\/wp-content\/uploads\/2026\/04\/Captura-de-tela-2026-04-22-151821.png","width":286,"height":74,"caption":"The Best News"},"image":{"@id":"https:\/\/thebestnews.com.br\/#\/schema\/logo\/image\/"}}]}},"_links":{"self":[{"href":"https:\/\/thebestnews.com.br\/index.php\/wp-json\/wp\/v2\/pages\/62"}],"collection":[{"href":"https:\/\/thebestnews.com.br\/index.php\/wp-json\/wp\/v2\/pages"}],"about":[{"href":"https:\/\/thebestnews.com.br\/index.php\/wp-json\/wp\/v2\/types\/page"}],"author":[{"embeddable":true,"href":"https:\/\/thebestnews.com.br\/index.php\/wp-json\/wp\/v2\/users\/1"}],"replies":[{"embeddable":true,"href":"https:\/\/thebestnews.com.br\/index.php\/wp-json\/wp\/v2\/comments?post=62"}],"version-history":[{"count":4,"href":"https:\/\/thebestnews.com.br\/index.php\/wp-json\/wp\/v2\/pages\/62\/revisions"}],"predecessor-version":[{"id":366,"href":"https:\/\/thebestnews.com.br\/index.php\/wp-json\/wp\/v2\/pages\/62\/revisions\/366"}],"wp:attachment":[{"href":"https:\/\/thebestnews.com.br\/index.php\/wp-json\/wp\/v2\/media?parent=62"}],"curies":[{"name":"wp","href":"https:\/\/api.w.org\/{rel}","templated":true}]}}