{"id":367,"date":"2026-04-23T16:56:59","date_gmt":"2026-04-23T19:56:59","guid":{"rendered":"https:\/\/thebestnews.com.br\/?page_id=367"},"modified":"2026-04-23T16:56:59","modified_gmt":"2026-04-23T19:56:59","slug":"sobre","status":"publish","type":"page","link":"https:\/\/thebestnews.com.br\/index.php\/sobre\/","title":{"rendered":"Sobre"},"content":{"rendered":"<h2>Sobre<\/h2>\n<p>O The Best News \u00e9 uma plataforma dedicada \u00e0 produ\u00e7\u00e3o de conte\u00fado informativo e ao desenvolvimento de ferramentas pr\u00e1ticas para o dia a dia.<\/p>\n<p>Nosso objetivo \u00e9 oferecer solu\u00e7\u00f5es que facilitem a compreens\u00e3o e a aplica\u00e7\u00e3o de conceitos t\u00e9cnicos, tornando processos mais simples, organizados e eficientes.<\/p>\n<p>Entre os conte\u00fados disponibilizados, destacam-se:<\/p>\n<ul>\n<li>artigos explicativos<\/li>\n<li>guias pr\u00e1ticos<\/li>\n<li>ferramentas de c\u00e1lculo judicial e extrajudicial<\/li>\n<\/ul>\n<p>Nosso compromisso \u00e9 fornecer informa\u00e7\u00f5es \u00fateis, acess\u00edveis e alinhadas \u00e0s necessidades reais dos usu\u00e1rios.<\/p>\n<p>Este site \u00e9 independente e n\u00e3o possui v\u00ednculo com \u00f3rg\u00e3os p\u00fablicos ou institui\u00e7\u00f5es oficiais.<\/p>\n","protected":false},"excerpt":{"rendered":"<p>Sobre O The Best News \u00e9 uma plataforma dedicada \u00e0 produ\u00e7\u00e3o de conte\u00fado informativo e ao desenvolvimento de ferramentas pr\u00e1ticas para o dia a dia. Nosso objetivo \u00e9 oferecer solu\u00e7\u00f5es que facilitem a compreens\u00e3o e a aplica\u00e7\u00e3o de conceitos t\u00e9cnicos, tornando processos mais simples, organizados e eficientes. Entre os conte\u00fados disponibilizados, destacam-se: artigos explicativos guias [&hellip;]<\/p>\n","protected":false},"author":1,"featured_media":0,"parent":0,"menu_order":0,"comment_status":"closed","ping_status":"closed","template":"","meta":{"site-sidebar-layout":"default","site-content-layout":"","ast-site-content-layout":"default","site-content-style":"default","site-sidebar-style":"default","ast-global-header-display":"","ast-banner-title-visibility":"","ast-main-header-display":"","ast-hfb-above-header-display":"","ast-hfb-below-header-display":"","ast-hfb-mobile-header-display":"","site-post-title":"","ast-breadcrumbs-content":"","ast-featured-img":"","footer-sml-layout":"","theme-transparent-header-meta":"default","adv-header-id-meta":"","stick-header-meta":"","header-above-stick-meta":"","header-main-stick-meta":"","header-below-stick-meta":"","astra-migrate-meta-layouts":"set","ast-page-background-enabled":"default","ast-page-background-meta":{"desktop":{"background-color":"var(--ast-global-color-4)","background-image":"","background-repeat":"repeat","background-position":"center center","background-size":"auto","background-attachment":"scroll","background-type":"","background-media":"","overlay-type":"","overlay-color":"","overlay-opacity":"","overlay-gradient":""},"tablet":{"background-color":"","background-image":"","background-repeat":"repeat","background-position":"center center","background-size":"auto","background-attachment":"scroll","background-type":"","background-media":"","overlay-type":"","overlay-color":"","overlay-opacity":"","overlay-gradient":""},"mobile":{"background-color":"","background-image":"","background-repeat":"repeat","background-position":"center center","background-size":"auto","background-attachment":"scroll","background-type":"","background-media":"","overlay-type":"","overlay-color":"","overlay-opacity":"","overlay-gradient":""}},"ast-content-background-meta":{"desktop":{"background-color":"var(--ast-global-color-5)","background-image":"","background-repeat":"repeat","background-position":"center center","background-size":"auto","background-attachment":"scroll","background-type":"","background-media":"","overlay-type":"","overlay-color":"","overlay-opacity":"","overlay-gradient":""},"tablet":{"background-color":"var(--ast-global-color-5)","background-image":"","background-repeat":"repeat","background-position":"center center","background-size":"auto","background-attachment":"scroll","background-type":"","background-media":"","overlay-type":"","overlay-color":"","overlay-opacity":"","overlay-gradient":""},"mobile":{"background-color":"var(--ast-global-color-5)","background-image":"","background-repeat":"repeat","background-position":"center center","background-size":"auto","background-attachment":"scroll","background-type":"","background-media":"","overlay-type":"","overlay-color":"","overlay-opacity":"","overlay-gradient":""}},"footnotes":""},"yoast_head":"<!-- This site is optimized with the Yoast SEO plugin v23.9 - https:\/\/yoast.com\/wordpress\/plugins\/seo\/ -->\n<title>Sobre - The Best News<\/title>\n<meta name=\"robots\" content=\"index, follow, max-snippet:-1, max-image-preview:large, max-video-preview:-1\" \/>\n<link rel=\"canonical\" href=\"https:\/\/thebestnews.com.br\/index.php\/sobre\/\" \/>\n<meta property=\"og:locale\" content=\"pt_BR\" \/>\n<meta property=\"og:type\" content=\"article\" \/>\n<meta property=\"og:title\" content=\"Sobre - The Best News\" \/>\n<meta property=\"og:description\" content=\"Sobre O The Best News \u00e9 uma plataforma dedicada \u00e0 produ\u00e7\u00e3o de conte\u00fado informativo e ao desenvolvimento de ferramentas pr\u00e1ticas para o dia a dia. Nosso objetivo \u00e9 oferecer solu\u00e7\u00f5es que facilitem a compreens\u00e3o e a aplica\u00e7\u00e3o de conceitos t\u00e9cnicos, tornando processos mais simples, organizados e eficientes. Entre os conte\u00fados disponibilizados, destacam-se: artigos explicativos guias [&hellip;]\" \/>\n<meta property=\"og:url\" content=\"https:\/\/thebestnews.com.br\/index.php\/sobre\/\" \/>\n<meta property=\"og:site_name\" content=\"The Best News\" \/>\n<meta name=\"twitter:card\" content=\"summary_large_image\" \/>\n<meta name=\"twitter:label1\" content=\"Est. tempo de leitura\" \/>\n\t<meta name=\"twitter:data1\" content=\"1 minuto\" \/>\n<script type=\"application\/ld+json\" class=\"yoast-schema-graph\">{\"@context\":\"https:\/\/schema.org\",\"@graph\":[{\"@type\":\"WebPage\",\"@id\":\"https:\/\/thebestnews.com.br\/index.php\/sobre\/\",\"url\":\"https:\/\/thebestnews.com.br\/index.php\/sobre\/\",\"name\":\"Sobre - The Best News\",\"isPartOf\":{\"@id\":\"https:\/\/thebestnews.com.br\/#website\"},\"datePublished\":\"2026-04-23T19:56:59+00:00\",\"dateModified\":\"2026-04-23T19:56:59+00:00\",\"breadcrumb\":{\"@id\":\"https:\/\/thebestnews.com.br\/index.php\/sobre\/#breadcrumb\"},\"inLanguage\":\"pt-BR\",\"potentialAction\":[{\"@type\":\"ReadAction\",\"target\":[\"https:\/\/thebestnews.com.br\/index.php\/sobre\/\"]}]},{\"@type\":\"BreadcrumbList\",\"@id\":\"https:\/\/thebestnews.com.br\/index.php\/sobre\/#breadcrumb\",\"itemListElement\":[{\"@type\":\"ListItem\",\"position\":1,\"name\":\"In\u00edcio\",\"item\":\"https:\/\/thebestnews.com.br\/\"},{\"@type\":\"ListItem\",\"position\":2,\"name\":\"Sobre\"}]},{\"@type\":\"WebSite\",\"@id\":\"https:\/\/thebestnews.com.br\/#website\",\"url\":\"https:\/\/thebestnews.com.br\/\",\"name\":\"The Best News\",\"description\":\"Um site com not\u00edcias atuais diversas\",\"publisher\":{\"@id\":\"https:\/\/thebestnews.com.br\/#organization\"},\"potentialAction\":[{\"@type\":\"SearchAction\",\"target\":{\"@type\":\"EntryPoint\",\"urlTemplate\":\"https:\/\/thebestnews.com.br\/?s={search_term_string}\"},\"query-input\":{\"@type\":\"PropertyValueSpecification\",\"valueRequired\":true,\"valueName\":\"search_term_string\"}}],\"inLanguage\":\"pt-BR\"},{\"@type\":\"Organization\",\"@id\":\"https:\/\/thebestnews.com.br\/#organization\",\"name\":\"The Best News\",\"url\":\"https:\/\/thebestnews.com.br\/\",\"logo\":{\"@type\":\"ImageObject\",\"inLanguage\":\"pt-BR\",\"@id\":\"https:\/\/thebestnews.com.br\/#\/schema\/logo\/image\/\",\"url\":\"https:\/\/thebestnews.com.br\/wp-content\/uploads\/2026\/04\/Captura-de-tela-2026-04-22-151821.png\",\"contentUrl\":\"https:\/\/thebestnews.com.br\/wp-content\/uploads\/2026\/04\/Captura-de-tela-2026-04-22-151821.png\",\"width\":286,\"height\":74,\"caption\":\"The Best News\"},\"image\":{\"@id\":\"https:\/\/thebestnews.com.br\/#\/schema\/logo\/image\/\"}}]}<\/script>\n<!-- \/ Yoast SEO plugin. -->","yoast_head_json":{"title":"Sobre - The Best News","robots":{"index":"index","follow":"follow","max-snippet":"max-snippet:-1","max-image-preview":"max-image-preview:large","max-video-preview":"max-video-preview:-1"},"canonical":"https:\/\/thebestnews.com.br\/index.php\/sobre\/","og_locale":"pt_BR","og_type":"article","og_title":"Sobre - The Best News","og_description":"Sobre O The Best News \u00e9 uma plataforma dedicada \u00e0 produ\u00e7\u00e3o de conte\u00fado informativo e ao desenvolvimento de ferramentas pr\u00e1ticas para o dia a dia. Nosso objetivo \u00e9 oferecer solu\u00e7\u00f5es que facilitem a compreens\u00e3o e a aplica\u00e7\u00e3o de conceitos t\u00e9cnicos, tornando processos mais simples, organizados e eficientes. Entre os conte\u00fados disponibilizados, destacam-se: artigos explicativos guias [&hellip;]","og_url":"https:\/\/thebestnews.com.br\/index.php\/sobre\/","og_site_name":"The Best News","twitter_card":"summary_large_image","twitter_misc":{"Est. tempo de leitura":"1 minuto"},"schema":{"@context":"https:\/\/schema.org","@graph":[{"@type":"WebPage","@id":"https:\/\/thebestnews.com.br\/index.php\/sobre\/","url":"https:\/\/thebestnews.com.br\/index.php\/sobre\/","name":"Sobre - The Best News","isPartOf":{"@id":"https:\/\/thebestnews.com.br\/#website"},"datePublished":"2026-04-23T19:56:59+00:00","dateModified":"2026-04-23T19:56:59+00:00","breadcrumb":{"@id":"https:\/\/thebestnews.com.br\/index.php\/sobre\/#breadcrumb"},"inLanguage":"pt-BR","potentialAction":[{"@type":"ReadAction","target":["https:\/\/thebestnews.com.br\/index.php\/sobre\/"]}]},{"@type":"BreadcrumbList","@id":"https:\/\/thebestnews.com.br\/index.php\/sobre\/#breadcrumb","itemListElement":[{"@type":"ListItem","position":1,"name":"In\u00edcio","item":"https:\/\/thebestnews.com.br\/"},{"@type":"ListItem","position":2,"name":"Sobre"}]},{"@type":"WebSite","@id":"https:\/\/thebestnews.com.br\/#website","url":"https:\/\/thebestnews.com.br\/","name":"The Best News","description":"Um site com not\u00edcias atuais diversas","publisher":{"@id":"https:\/\/thebestnews.com.br\/#organization"},"potentialAction":[{"@type":"SearchAction","target":{"@type":"EntryPoint","urlTemplate":"https:\/\/thebestnews.com.br\/?s={search_term_string}"},"query-input":{"@type":"PropertyValueSpecification","valueRequired":true,"valueName":"search_term_string"}}],"inLanguage":"pt-BR"},{"@type":"Organization","@id":"https:\/\/thebestnews.com.br\/#organization","name":"The Best News","url":"https:\/\/thebestnews.com.br\/","logo":{"@type":"ImageObject","inLanguage":"pt-BR","@id":"https:\/\/thebestnews.com.br\/#\/schema\/logo\/image\/","url":"https:\/\/thebestnews.com.br\/wp-content\/uploads\/2026\/04\/Captura-de-tela-2026-04-22-151821.png","contentUrl":"https:\/\/thebestnews.com.br\/wp-content\/uploads\/2026\/04\/Captura-de-tela-2026-04-22-151821.png","width":286,"height":74,"caption":"The Best News"},"image":{"@id":"https:\/\/thebestnews.com.br\/#\/schema\/logo\/image\/"}}]}},"_links":{"self":[{"href":"https:\/\/thebestnews.com.br\/index.php\/wp-json\/wp\/v2\/pages\/367"}],"collection":[{"href":"https:\/\/thebestnews.com.br\/index.php\/wp-json\/wp\/v2\/pages"}],"about":[{"href":"https:\/\/thebestnews.com.br\/index.php\/wp-json\/wp\/v2\/types\/page"}],"author":[{"embeddable":true,"href":"https:\/\/thebestnews.com.br\/index.php\/wp-json\/wp\/v2\/users\/1"}],"replies":[{"embeddable":true,"href":"https:\/\/thebestnews.com.br\/index.php\/wp-json\/wp\/v2\/comments?post=367"}],"version-history":[{"count":1,"href":"https:\/\/thebestnews.com.br\/index.php\/wp-json\/wp\/v2\/pages\/367\/revisions"}],"predecessor-version":[{"id":368,"href":"https:\/\/thebestnews.com.br\/index.php\/wp-json\/wp\/v2\/pages\/367\/revisions\/368"}],"wp:attachment":[{"href":"https:\/\/thebestnews.com.br\/index.php\/wp-json\/wp\/v2\/media?parent=367"}],"curies":[{"name":"wp","href":"https:\/\/api.w.org\/{rel}","templated":true}]}}