{"id":334,"date":"2026-04-22T23:39:41","date_gmt":"2026-04-23T02:39:41","guid":{"rendered":"https:\/\/thebestnews.com.br\/?page_id=334"},"modified":"2026-04-23T00:14:28","modified_gmt":"2026-04-23T03:14:28","slug":"calculos-judiciais","status":"publish","type":"page","link":"https:\/\/thebestnews.com.br\/index.php\/calculos-judiciais\/","title":{"rendered":"C\u00e1lculos judiciais"},"content":{"rendered":"<style>\n.calc-jur-wrap {\n  max-width: 600px; \/* Aumentamos um pouco para caber a tabela *\/\n  margin: 30px auto;\n  padding: 25px;\n  border-radius: 15px;\n  background: #ffffff;\n  box-shadow: 0 10px 25px rgba(0,0,0,0.1);\n  font-family: sans-serif;\n}\n.calc-jur-titulo { margin-bottom: 20px; color: #1a2b4b; font-size: 22px; text-align: center; font-weight: 800; }\n.calc-jur-label { display: block; font-size: 12px; font-weight: bold; color: #64748b; margin-bottom: 5px; text-transform: uppercase; }<\/p>\n<p>.calc-jur-input {\n  width: 100% !important;\n  height: 45px !important;\n  padding: 10px !important;\n  border: 1px solid #cbd5e1 !important;\n  border-radius: 8px !important;\n  font-size: 16px !important;\n  box-sizing: border-box !important;\n  background: #fff !important;\n}<\/p>\n<p>\/* Estilo para as linhas de parcelas *\/\n.parcela-linha {\n  display: grid !important;\n  grid-template-columns: 1fr 1fr 35px !important;\n  gap: 10px !important;\n  margin-bottom: 12px !important;\n  align-items: end !important;\n}<\/p>\n<p>.calc-jur-btn-add {\n  width: 100%;\n  padding: 12px;\n  background: #f1f5f9;\n  color: #475569;\n  border: 1px dashed #cbd5e1;\n  border-radius: 8px;\n  font-weight: bold;\n  cursor: pointer;\n  margin-bottom: 20px;\n}<\/p>\n<p>.calc-jur-btn-calc {\n  width: 100%;\n  padding: 15px;\n  background: #2563eb;\n  color: #fff;\n  border: none;\n  border-radius: 10px;\n  font-weight: bold;\n  font-size: 16px;\n  cursor: pointer;\n}<\/p>\n<p>\/* Estilo da Tabela de Mem\u00f3ria de C\u00e1lculo *\/\n#memoria-calculo {\n  margin-top: 30px;\n  border-top: 2px solid #eee;\n  padding-top: 20px;\n}<\/p>\n<p>.tabela-container {\n  width: 100%;\n  overflow-x: auto; \/* Permite rolar pro lado no celular *\/\n  margin-top: 15px;\n}<\/p>\n<p>.tabela-res {\n  width: 100%;\n  border-collapse: collapse;\n  font-size: 13px;\n  text-align: left;\n}<\/p>\n<p>.tabela-res th {\n  background: #f8fafc;\n  padding: 10px;\n  border: 1px solid #e2e8f0;\n  color: #475569;\n}<\/p>\n<p>.tabela-res td {\n  padding: 10px;\n  border: 1px solid #e2e8f0;\n  color: #1e293b;\n}<\/p>\n<p>.resultado-final-box {\n  margin-top: 20px;\n  padding: 20px;\n  background: #f0fdf4;\n  border: 1px solid #bbf7d0;\n  border-radius: 12px;\n  text-align: right;\n}<\/p>\n<p>.total-label { display: block; font-size: 12px; font-weight: bold; color: #166534; }\n.total-valor { font-size: 28px; font-weight: 900; color: #14532d; }\n<\/style>\n<div class=\"calc-jur-wrap\">\n<h2 class=\"calc-jur-titulo\">C\u00e1lculo de Atualiza\u00e7\u00e3o Judicial<\/h2>\n<div id=\"parcelas-container\">\n<div class=\"parcela-linha\">\n<div>\n                <label class=\"calc-jur-label\">Valor Principal (R$)<\/label><br \/>\n                <input type=\"text\" class=\"calc-jur-input valor-input\" placeholder=\"0,00\">\n            <\/div>\n<div>\n                <label class=\"calc-jur-label\">Vencimento<\/label><br \/>\n                <input type=\"date\" class=\"calc-jur-input data-ini\">\n            <\/div>\n<div style=\"width:35px\"><\/div>\n<\/p><\/div>\n<\/p><\/div>\n<p>    <button id=\"btn-add-parcela\" class=\"calc-jur-btn-add\" type=\"button\">+ Adicionar outra parcela\/m\u00eas<\/button><\/p>\n<div style=\"display: grid; grid-template-columns: 1fr 1fr 1fr; gap: 10px; margin-bottom: 20px;\">\n<div>\n            <label class=\"calc-jur-label\">Atualizar at\u00e9<\/label><br \/>\n            <input type=\"date\" id=\"data-fim\" class=\"calc-jur-input\">\n        <\/div>\n<div>\n            <label class=\"calc-jur-label\">Multa (%)<\/label><br \/>\n            <input type=\"number\" id=\"perc-multa\" class=\"calc-jur-input\" value=\"0\">\n        <\/div>\n<div>\n            <label class=\"calc-jur-label\">Honor\u00e1rios (%)<\/label><br \/>\n            <input type=\"number\" id=\"perc-hono\" class=\"calc-jur-input\" value=\"0\">\n        <\/div>\n<\/p><\/div>\n<p>    <button id=\"btn-calc-jur\" class=\"calc-jur-btn-calc\" type=\"button\">Gerar Mem\u00f3ria de C\u00e1lculo<\/button><\/p>\n<div id=\"memoria-calculo\" style=\"display:none;\">\n<h3 style=\"font-size:14px; color:#475569; text-align:center; text-transform:uppercase;\">Demonstrativo Discriminado<\/h3>\n<div class=\"tabela-container\">\n<table class=\"tabela-res\">\n<thead>\n<tr>\n<th>Vencimento<\/th>\n<th>\u00cdndice<\/th>\n<th>Valor Corrigido<\/th>\n<th>Juros Acumulados<\/th>\n<\/tr>\n<\/thead>\n<tbody id=\"tabela-corpo\">\n                    <\/tbody>\n<\/table><\/div>\n<div class=\"resultado-final-box\">\n            <span class=\"total-label\">VALOR TOTAL DEVIDO (CPC 524)<\/span><br \/>\n            <span id=\"out-total-geral\" class=\"total-valor\">R$ 0,00<\/span>\n        <\/div>\n<\/p><\/div>\n<\/div>\n","protected":false},"excerpt":{"rendered":"<p>C\u00e1lculo de Atualiza\u00e7\u00e3o Judicial Valor Principal (R$) Vencimento + Adicionar outra parcela\/m\u00eas Atualizar at\u00e9 Multa (%) Honor\u00e1rios (%) Gerar Mem\u00f3ria de C\u00e1lculo Demonstrativo Discriminado Vencimento \u00cdndice Valor Corrigido Juros Acumulados VALOR TOTAL DEVIDO (CPC 524) R$ 0,00<\/p>\n","protected":false},"author":1,"featured_media":0,"parent":0,"menu_order":0,"comment_status":"closed","ping_status":"closed","template":"","meta":{"site-sidebar-layout":"default","site-content-layout":"","ast-site-content-layout":"default","site-content-style":"default","site-sidebar-style":"default","ast-global-header-display":"","ast-banner-title-visibility":"","ast-main-header-display":"","ast-hfb-above-header-display":"","ast-hfb-below-header-display":"","ast-hfb-mobile-header-display":"","site-post-title":"","ast-breadcrumbs-content":"","ast-featured-img":"","footer-sml-layout":"","theme-transparent-header-meta":"default","adv-header-id-meta":"","stick-header-meta":"","header-above-stick-meta":"","header-main-stick-meta":"","header-below-stick-meta":"","astra-migrate-meta-layouts":"set","ast-page-background-enabled":"default","ast-page-background-meta":{"desktop":{"background-color":"var(--ast-global-color-4)","background-image":"","background-repeat":"repeat","background-position":"center center","background-size":"auto","background-attachment":"scroll","background-type":"","background-media":"","overlay-type":"","overlay-color":"","overlay-opacity":"","overlay-gradient":""},"tablet":{"background-color":"","background-image":"","background-repeat":"repeat","background-position":"center center","background-size":"auto","background-attachment":"scroll","background-type":"","background-media":"","overlay-type":"","overlay-color":"","overlay-opacity":"","overlay-gradient":""},"mobile":{"background-color":"","background-image":"","background-repeat":"repeat","background-position":"center center","background-size":"auto","background-attachment":"scroll","background-type":"","background-media":"","overlay-type":"","overlay-color":"","overlay-opacity":"","overlay-gradient":""}},"ast-content-background-meta":{"desktop":{"background-color":"var(--ast-global-color-5)","background-image":"","background-repeat":"repeat","background-position":"center center","background-size":"auto","background-attachment":"scroll","background-type":"","background-media":"","overlay-type":"","overlay-color":"","overlay-opacity":"","overlay-gradient":""},"tablet":{"background-color":"var(--ast-global-color-5)","background-image":"","background-repeat":"repeat","background-position":"center center","background-size":"auto","background-attachment":"scroll","background-type":"","background-media":"","overlay-type":"","overlay-color":"","overlay-opacity":"","overlay-gradient":""},"mobile":{"background-color":"var(--ast-global-color-5)","background-image":"","background-repeat":"repeat","background-position":"center center","background-size":"auto","background-attachment":"scroll","background-type":"","background-media":"","overlay-type":"","overlay-color":"","overlay-opacity":"","overlay-gradient":""}},"footnotes":""},"yoast_head":"<!-- This site is optimized with the Yoast SEO plugin v23.9 - https:\/\/yoast.com\/wordpress\/plugins\/seo\/ -->\n<title>C\u00e1lculos judiciais - The Best News<\/title>\n<meta name=\"robots\" content=\"index, follow, max-snippet:-1, max-image-preview:large, max-video-preview:-1\" \/>\n<link rel=\"canonical\" href=\"https:\/\/thebestnews.com.br\/index.php\/calculos-judiciais\/\" \/>\n<meta property=\"og:locale\" content=\"pt_BR\" \/>\n<meta property=\"og:type\" content=\"article\" \/>\n<meta property=\"og:title\" content=\"C\u00e1lculos judiciais - The Best News\" \/>\n<meta property=\"og:description\" content=\"C\u00e1lculo de Atualiza\u00e7\u00e3o Judicial Valor Principal (R$) Vencimento + Adicionar outra parcela\/m\u00eas Atualizar at\u00e9 Multa (%) Honor\u00e1rios (%) Gerar Mem\u00f3ria de C\u00e1lculo Demonstrativo Discriminado Vencimento \u00cdndice Valor Corrigido Juros Acumulados VALOR TOTAL DEVIDO (CPC 524) R$ 0,00\" \/>\n<meta property=\"og:url\" content=\"https:\/\/thebestnews.com.br\/index.php\/calculos-judiciais\/\" \/>\n<meta property=\"og:site_name\" content=\"The Best News\" \/>\n<meta property=\"article:modified_time\" content=\"2026-04-23T03:14:28+00:00\" \/>\n<meta name=\"twitter:card\" content=\"summary_large_image\" \/>\n<meta name=\"twitter:label1\" content=\"Est. tempo de leitura\" \/>\n\t<meta name=\"twitter:data1\" content=\"1 minuto\" \/>\n<script type=\"application\/ld+json\" class=\"yoast-schema-graph\">{\"@context\":\"https:\/\/schema.org\",\"@graph\":[{\"@type\":\"WebPage\",\"@id\":\"https:\/\/thebestnews.com.br\/index.php\/calculos-judiciais\/\",\"url\":\"https:\/\/thebestnews.com.br\/index.php\/calculos-judiciais\/\",\"name\":\"C\u00e1lculos judiciais - The Best News\",\"isPartOf\":{\"@id\":\"https:\/\/thebestnews.com.br\/#website\"},\"datePublished\":\"2026-04-23T02:39:41+00:00\",\"dateModified\":\"2026-04-23T03:14:28+00:00\",\"breadcrumb\":{\"@id\":\"https:\/\/thebestnews.com.br\/index.php\/calculos-judiciais\/#breadcrumb\"},\"inLanguage\":\"pt-BR\",\"potentialAction\":[{\"@type\":\"ReadAction\",\"target\":[\"https:\/\/thebestnews.com.br\/index.php\/calculos-judiciais\/\"]}]},{\"@type\":\"BreadcrumbList\",\"@id\":\"https:\/\/thebestnews.com.br\/index.php\/calculos-judiciais\/#breadcrumb\",\"itemListElement\":[{\"@type\":\"ListItem\",\"position\":1,\"name\":\"In\u00edcio\",\"item\":\"https:\/\/thebestnews.com.br\/\"},{\"@type\":\"ListItem\",\"position\":2,\"name\":\"C\u00e1lculos judiciais\"}]},{\"@type\":\"WebSite\",\"@id\":\"https:\/\/thebestnews.com.br\/#website\",\"url\":\"https:\/\/thebestnews.com.br\/\",\"name\":\"The Best News\",\"description\":\"Um site com not\u00edcias atuais diversas\",\"publisher\":{\"@id\":\"https:\/\/thebestnews.com.br\/#organization\"},\"potentialAction\":[{\"@type\":\"SearchAction\",\"target\":{\"@type\":\"EntryPoint\",\"urlTemplate\":\"https:\/\/thebestnews.com.br\/?s={search_term_string}\"},\"query-input\":{\"@type\":\"PropertyValueSpecification\",\"valueRequired\":true,\"valueName\":\"search_term_string\"}}],\"inLanguage\":\"pt-BR\"},{\"@type\":\"Organization\",\"@id\":\"https:\/\/thebestnews.com.br\/#organization\",\"name\":\"The Best News\",\"url\":\"https:\/\/thebestnews.com.br\/\",\"logo\":{\"@type\":\"ImageObject\",\"inLanguage\":\"pt-BR\",\"@id\":\"https:\/\/thebestnews.com.br\/#\/schema\/logo\/image\/\",\"url\":\"https:\/\/thebestnews.com.br\/wp-content\/uploads\/2026\/04\/Captura-de-tela-2026-04-22-151821.png\",\"contentUrl\":\"https:\/\/thebestnews.com.br\/wp-content\/uploads\/2026\/04\/Captura-de-tela-2026-04-22-151821.png\",\"width\":286,\"height\":74,\"caption\":\"The Best News\"},\"image\":{\"@id\":\"https:\/\/thebestnews.com.br\/#\/schema\/logo\/image\/\"}}]}<\/script>\n<!-- \/ Yoast SEO plugin. -->","yoast_head_json":{"title":"C\u00e1lculos judiciais - The Best News","robots":{"index":"index","follow":"follow","max-snippet":"max-snippet:-1","max-image-preview":"max-image-preview:large","max-video-preview":"max-video-preview:-1"},"canonical":"https:\/\/thebestnews.com.br\/index.php\/calculos-judiciais\/","og_locale":"pt_BR","og_type":"article","og_title":"C\u00e1lculos judiciais - The Best News","og_description":"C\u00e1lculo de Atualiza\u00e7\u00e3o Judicial Valor Principal (R$) Vencimento + Adicionar outra parcela\/m\u00eas Atualizar at\u00e9 Multa (%) Honor\u00e1rios (%) Gerar Mem\u00f3ria de C\u00e1lculo Demonstrativo Discriminado Vencimento \u00cdndice Valor Corrigido Juros Acumulados VALOR TOTAL DEVIDO (CPC 524) R$ 0,00","og_url":"https:\/\/thebestnews.com.br\/index.php\/calculos-judiciais\/","og_site_name":"The Best News","article_modified_time":"2026-04-23T03:14:28+00:00","twitter_card":"summary_large_image","twitter_misc":{"Est. tempo de leitura":"1 minuto"},"schema":{"@context":"https:\/\/schema.org","@graph":[{"@type":"WebPage","@id":"https:\/\/thebestnews.com.br\/index.php\/calculos-judiciais\/","url":"https:\/\/thebestnews.com.br\/index.php\/calculos-judiciais\/","name":"C\u00e1lculos judiciais - The Best News","isPartOf":{"@id":"https:\/\/thebestnews.com.br\/#website"},"datePublished":"2026-04-23T02:39:41+00:00","dateModified":"2026-04-23T03:14:28+00:00","breadcrumb":{"@id":"https:\/\/thebestnews.com.br\/index.php\/calculos-judiciais\/#breadcrumb"},"inLanguage":"pt-BR","potentialAction":[{"@type":"ReadAction","target":["https:\/\/thebestnews.com.br\/index.php\/calculos-judiciais\/"]}]},{"@type":"BreadcrumbList","@id":"https:\/\/thebestnews.com.br\/index.php\/calculos-judiciais\/#breadcrumb","itemListElement":[{"@type":"ListItem","position":1,"name":"In\u00edcio","item":"https:\/\/thebestnews.com.br\/"},{"@type":"ListItem","position":2,"name":"C\u00e1lculos judiciais"}]},{"@type":"WebSite","@id":"https:\/\/thebestnews.com.br\/#website","url":"https:\/\/thebestnews.com.br\/","name":"The Best News","description":"Um site com not\u00edcias atuais diversas","publisher":{"@id":"https:\/\/thebestnews.com.br\/#organization"},"potentialAction":[{"@type":"SearchAction","target":{"@type":"EntryPoint","urlTemplate":"https:\/\/thebestnews.com.br\/?s={search_term_string}"},"query-input":{"@type":"PropertyValueSpecification","valueRequired":true,"valueName":"search_term_string"}}],"inLanguage":"pt-BR"},{"@type":"Organization","@id":"https:\/\/thebestnews.com.br\/#organization","name":"The Best News","url":"https:\/\/thebestnews.com.br\/","logo":{"@type":"ImageObject","inLanguage":"pt-BR","@id":"https:\/\/thebestnews.com.br\/#\/schema\/logo\/image\/","url":"https:\/\/thebestnews.com.br\/wp-content\/uploads\/2026\/04\/Captura-de-tela-2026-04-22-151821.png","contentUrl":"https:\/\/thebestnews.com.br\/wp-content\/uploads\/2026\/04\/Captura-de-tela-2026-04-22-151821.png","width":286,"height":74,"caption":"The Best News"},"image":{"@id":"https:\/\/thebestnews.com.br\/#\/schema\/logo\/image\/"}}]}},"_links":{"self":[{"href":"https:\/\/thebestnews.com.br\/index.php\/wp-json\/wp\/v2\/pages\/334"}],"collection":[{"href":"https:\/\/thebestnews.com.br\/index.php\/wp-json\/wp\/v2\/pages"}],"about":[{"href":"https:\/\/thebestnews.com.br\/index.php\/wp-json\/wp\/v2\/types\/page"}],"author":[{"embeddable":true,"href":"https:\/\/thebestnews.com.br\/index.php\/wp-json\/wp\/v2\/users\/1"}],"replies":[{"embeddable":true,"href":"https:\/\/thebestnews.com.br\/index.php\/wp-json\/wp\/v2\/comments?post=334"}],"version-history":[{"count":2,"href":"https:\/\/thebestnews.com.br\/index.php\/wp-json\/wp\/v2\/pages\/334\/revisions"}],"predecessor-version":[{"id":340,"href":"https:\/\/thebestnews.com.br\/index.php\/wp-json\/wp\/v2\/pages\/334\/revisions\/340"}],"wp:attachment":[{"href":"https:\/\/thebestnews.com.br\/index.php\/wp-json\/wp\/v2\/media?parent=334"}],"curies":[{"name":"wp","href":"https:\/\/api.w.org\/{rel}","templated":true}]}}